{"id":237,"date":"2015-10-21T16:12:11","date_gmt":"2015-10-21T14:12:11","guid":{"rendered":"https:\/\/ulewu.de\/wuchnerblog\/?page_id=237"},"modified":"2026-03-23T19:57:13","modified_gmt":"2026-03-23T18:57:13","slug":"wanderwochen","status":"publish","type":"page","link":"https:\/\/wuchner-fasten.de\/?page_id=237","title":{"rendered":"Wanderwochen"},"content":{"rendered":"<p><strong>Liebe Wanderfreunde,<\/strong><br \/>f\u00fcr diejenigen unter Ihnen, die den Effekt der Basen-Heilkost durch besonders viel Bewegung unterst\u00fctzen m\u00f6chten, biete ich in den Basen-Heilkost-Wochen <br \/>auch gef\u00fchrte Wanderungen an.\u00a0<\/p>\r\n<p>\u00a0Es sind <strong>2026 <\/strong>sechs Basen-Heilkost-Wanderwochen geplant.<br \/>(siehe <a href=\"http:\/\/wuchner-fasten.de\/?page_id=265\">Basen-Heilkost Termine 2026).<\/a><br \/>Die Bewegung in freier Natur regt den Kreislauf an, l\u00e4sst Haut, Lunge und Muskeln gut durchbluten und sorgt damit f\u00fcr eine ausgezeichnete Ausscheidung von Giften und Schlacken. Wertvolle Muskeln bleiben erhalten, und die unerw\u00fcnschten Fettdepots werden um so schneller abgebaut.<br \/>Von Tag zu Tag f\u00fchlt man sich leichter und frischer und findet neue Freude und Kraft.<br \/>Es sind leichte 2-3 st\u00fcndige Wanderungen vorgesehen. Bei sch\u00f6nem Wetter sind auch Tagestouren geplant, bei denen man sich nach dem Fr\u00fchst\u00fcck auf den Weg macht, zum Mittagessen auf einer Alm einkehrt und nach einer l\u00e4ngeren Mittagspause wieder an den Ausgangspunkt zur\u00fcckkehrt.<br \/>Bei diesem Kurs ist eine gute Wanderausr\u00fcstung erforderlich:<br \/>Wanderschuhe, Rucksack, Regenschutz, Trinkflasche<\/p>\r\n<p><strong>Bildungshaus St. Michael\u00a0 Matrei\u00a0 \u00a0 \u00a0 \u00a0 \u00a0 \u00a0 \u00a0 \u00a0 \u00a0 \u00a0 \u00a0 \u00a0 \u00a0 \u00a0 \u00a0 \u00a0 \u00a0 \u00a0 \u00a0 \u00a0 \u00a0 \u00a0 \u00a0 \u00a0 \u00a0 \u00a0 \u00a0 \u00a0 \u00a0 \u00a0 \u00a0 \u00a0 \u00a0 \u00a0 \u00a0 \u00a0 \u00a0 \u00a0 \u00a0 \u00a0 \u00a0 \u00a0 \u00a0 \u00a0 \u00a0 \u00a0<\/strong>Das neu erbaute Bildungshaus liegt auf einem kleinen Hochplateau <br \/>\u00a0 \u00a0 \u00a0an einem malerischen See oberhalb von Matrei am Brenner.\u00a0 \u00a0 \u00a0 \u00a0 \u00a0 \u00a0 \u00a0 \u00a0 \u00a0 \u00a0 \u00a0 \u00a0 \u00a0 \u00a0 \u00a0 \u00a0 \u00a0 \u00a0 \u00a0 \u00a0 \u00a0 \u00a0 \u00a0 \u00a0 \u00a0Es hat einen wunderbaren Blick auf die Serles <br \/>\u00a0 \u00a0 \u00a0und erm\u00f6glicht die sch\u00f6ne Tiroler Bergwelt\u00a0 zu erwandern.\u00a0 \u00a0 \u00a0 \u00a0 \u00a0 \u00a0 \u00a0 \u00a0 \u00a0 \u00a0 \u00a0 \u00a0 \u00a0 \u00a0 \u00a0 \u00a0 \u00a0 \u00a0 \u00a0 \u00a0 \u00a0 \u00a0 \u00a0 \u00a0 \u00a0 \u00a0 \u00a0 \u00a0 \u00a0 \u00a0 \u00a0 \u00a0 \u00a0 \u00a0 \u00a0 \u00a0 \u00a0 \u00a0 \u00a0 \u00a0 \u00a0 \u00a0 \u00a0 \u00a0 \u00a0 \u00a0 \u00a0 \u00a0 \u00a0 \u00a0 \u00a0 \u00a0 \u00a0 \u00a0 \u00a0 \u00a0 \u00a0 \u00a0 \u00a0 \u00a0 \u00a0 <a href=\"http:\/\/wuchner-fasten.de\/wp-content\/uploads\/2015\/12\/matrei2.png\"><img loading=\"lazy\" decoding=\"async\" class=\"aligncenter  wp-image-387\" src=\"http:\/\/wuchner-fasten.de\/wp-content\/uploads\/2015\/12\/matrei2-225x300.png\" alt=\"\" width=\"169\" height=\"225\" srcset=\"https:\/\/wuchner-fasten.de\/wp-content\/uploads\/2015\/12\/matrei2-225x300.png 225w, https:\/\/wuchner-fasten.de\/wp-content\/uploads\/2015\/12\/matrei2.png 500w\" sizes=\"auto, (max-width: 169px) 100vw, 169px\" \/><\/a><\/p>\r\n<p><strong>Geistliches Haus St. Josef\u00a0 Schloss Hersberg<\/strong><br \/>\u00a0 Schloss Hersberg ist umgeben von sanften H\u00fcgeln und Weinbergen. <br \/>\u00a0 Die einmalige Lage mit herrlicher See- und Alpensicht ist ein idealer Ausgangspunkt <br \/>\u00a0 f\u00fcr leichte Wanderungen am Ufer des\u00a0 Bodensees oder im reizvollen Hinterland.<\/p>\r\n<table>\r\n<tbody>\r\n<tr>\r\n<td><strong><a href=\"https:\/\/ulewu.de\/wuchnerblog\/wp-content\/uploads\/2015\/10\/Hersberg-Januar-2014-003.jpg\"><img loading=\"lazy\" decoding=\"async\" class=\"alignright wp-image-276 size-large\" src=\"http:\/\/wuchner-fasten.de\/wp-content\/uploads\/2015\/10\/Hersberg-Januar-2014-003-1024x768.jpg\" alt=\"Hersberg Januar 2014 003\" width=\"640\" height=\"480\" srcset=\"https:\/\/wuchner-fasten.de\/wp-content\/uploads\/2015\/10\/Hersberg-Januar-2014-003-1024x768.jpg 1024w, https:\/\/wuchner-fasten.de\/wp-content\/uploads\/2015\/10\/Hersberg-Januar-2014-003-300x225.jpg 300w, https:\/\/wuchner-fasten.de\/wp-content\/uploads\/2015\/10\/Hersberg-Januar-2014-003.jpg 1632w\" sizes=\"auto, (max-width: 640px) 100vw, 640px\" \/><\/a><\/strong><\/td>\r\n<td><a href=\"https:\/\/ulewu.de\/wuchnerblog\/wp-content\/uploads\/2015\/10\/Hersberg_1-_Santisblick_klein.jpg\"><img loading=\"lazy\" decoding=\"async\" class=\" wp-image-239 alignright\" src=\"https:\/\/ulewu.de\/wuchnerblog\/wp-content\/uploads\/2015\/10\/Hersberg_1-_Santisblick_klein-300x220.jpg\" alt=\"Hersberg_1-_Santisblick_klein\" width=\"295\" height=\"216\" srcset=\"https:\/\/wuchner-fasten.de\/wp-content\/uploads\/2015\/10\/Hersberg_1-_Santisblick_klein-300x220.jpg 300w, https:\/\/wuchner-fasten.de\/wp-content\/uploads\/2015\/10\/Hersberg_1-_Santisblick_klein.jpg 849w\" sizes=\"auto, (max-width: 295px) 100vw, 295px\" \/><\/a><\/td>\r\n<td>\u00a0<\/td>\r\n<\/tr>\r\n<\/tbody>\r\n<\/table>\r\n<p><strong>Haus der Familie, Lichtenstern\u00a0\u00a0\u00a0\u00a0\u00a0\u00a0\u00a0\u00a0\u00a0\u00a0\u00a0\u00a0\u00a0\u00a0\u00a0\u00a0\u00a0\u00a0\u00a0\u00a0\u00a0\u00a0\u00a0\u00a0\u00a0\u00a0\u00a0\u00a0\u00a0\u00a0\u00a0\u00a0\u00a0\u00a0\u00a0\u00a0\u00a0\u00a0\u00a0\u00a0\u00a0\u00a0\u00a0\u00a0\u00a0\u00a0\u00a0\u00a0\u00a0\u00a0\u00a0\u00a0\u00a0\u00a0\u00a0\u00a0\u00a0\u00a0\u00a0\u00a0\u00a0\u00a0\u00a0\u00a0\u00a0\u00a0\u00a0\u00a0<\/strong><strong>\u00a0\u00a0\u00a0\u00a0\u00a0\u00a0\u00a0\u00a0\u00a0\u00a0 <\/strong>\u00a0 \u00a0Inmitten unber\u00fchrter Natur und doch nur 15 km von Bozen entfernt <br \/>\u00a0liegt das Bildungs- und Tagungszentrum Haus der Familie <br \/>\u00a0am sonnenverw\u00f6hnten Rittner Hochplateau, im Herzen S\u00fcdtirols. <br \/>\u00a0Von hier erreichen Sie auf gepflegten Wanderwegen eine Vielzahl von\u00a0 \u00a0Sehensw\u00fcrdigkeiten:<br \/>\u00a0die bekannten Rittner Erdpyramiden, das Bienenmuseum Plattnerhof<br \/>\u00a0das Rittner Horn, den Rittner Themenweg<br \/>\u00a0350 km markierte, gut ausgebaute Wanderwege und ein einmaliges 360 Grad Panorama\u00a0 \u00a0k\u00f6nnen auf dem Rittner Hochplateau erlebt werden.<\/p>\r\n<table>\r\n<tbody>\r\n<tr>\r\n<td><a href=\"https:\/\/ulewu.de\/wuchnerblog\/wp-content\/uploads\/2015\/10\/Ritten-Mai-2014-004.jpg\"><img loading=\"lazy\" decoding=\"async\" class=\"aligncenter size-medium wp-image-277\" src=\"https:\/\/ulewu.de\/wuchnerblog\/wp-content\/uploads\/2015\/10\/Ritten-Mai-2014-004-300x225.jpg\" alt=\"Ritten Mai 2014 004\" width=\"300\" height=\"225\" srcset=\"https:\/\/wuchner-fasten.de\/wp-content\/uploads\/2015\/10\/Ritten-Mai-2014-004-300x225.jpg 300w, https:\/\/wuchner-fasten.de\/wp-content\/uploads\/2015\/10\/Ritten-Mai-2014-004-1024x768.jpg 1024w, https:\/\/wuchner-fasten.de\/wp-content\/uploads\/2015\/10\/Ritten-Mai-2014-004.jpg 1632w\" sizes=\"auto, (max-width: 300px) 100vw, 300px\" \/><\/a><\/td>\r\n<td><a href=\"https:\/\/ulewu.de\/wuchnerblog\/wp-content\/uploads\/2015\/10\/Lichtenstern_Mai_2011_009.jpg\"><img loading=\"lazy\" decoding=\"async\" class=\"aligncenter size-medium wp-image-240\" src=\"https:\/\/ulewu.de\/wuchnerblog\/wp-content\/uploads\/2015\/10\/Lichtenstern_Mai_2011_009-300x225.jpg\" alt=\"Lichtenstern_Mai_2011_009\" width=\"300\" height=\"225\" srcset=\"https:\/\/wuchner-fasten.de\/wp-content\/uploads\/2015\/10\/Lichtenstern_Mai_2011_009-300x225.jpg 300w, https:\/\/wuchner-fasten.de\/wp-content\/uploads\/2015\/10\/Lichtenstern_Mai_2011_009-1024x768.jpg 1024w, https:\/\/wuchner-fasten.de\/wp-content\/uploads\/2015\/10\/Lichtenstern_Mai_2011_009.jpg 1632w\" sizes=\"auto, (max-width: 300px) 100vw, 300px\" \/><\/a><\/td>\r\n<\/tr>\r\n<\/tbody>\r\n<\/table>\r\n<p><strong>Heiligkreuztal\u00a0\u00a0\u00a0\u00a0\u00a0\u00a0\u00a0\u00a0\u00a0\u00a0\u00a0\u00a0\u00a0\u00a0\u00a0\u00a0\u00a0\u00a0\u00a0\u00a0\u00a0\u00a0\u00a0\u00a0\u00a0\u00a0\u00a0\u00a0\u00a0\u00a0\u00a0\u00a0\u00a0\u00a0\u00a0\u00a0\u00a0\u00a0\u00a0\u00a0\u00a0\u00a0\u00a0\u00a0\u00a0\u00a0\u00a0 \u00a0 \u00a0 \u00a0 \u00a0 \u00a0 \u00a0 \u00a0 \u00a0 \u00a0 \u00a0 \u00a0 \u00a0 \u00a0 \u00a0 \u00a0 \u00a0 \u00a0 \u00a0 \u00a0 \u00a0 \u00a0 \u00a0 \u00a0 \u00a0 \u00a0 \u00a0 \u00a0 \u00a0 \u00a0 \u00a0 \u00a0 \u00a0 \u00a0 \u00a0 \u00a0 \u00a0<\/strong>Das Kloster Heiligkreuztal liegt am Rande der Schw\u00e4bischen Alb.<br \/>\u00a0 \u00a0Die Wanderungen f\u00fchren durch die l\u00e4ndliche Umgebung, <br \/>\u00a0 \u00a0durch W\u00e4lder und an\u00a0 Seen vorbei. <br \/>\u00a0 \u00a0Die ehemaligen keltischen Siedlungen Heuneburg und Gro\u00dfe Heuneburg sowie der Bussen sind einladende Ziele f\u00fcr reizvolle Wanderungen mit teils grandiosem Rundumblick in die Weite der Landschaft.<\/p>\r\n<p><a href=\"http:\/\/wuchner-fasten.de\/wp-content\/uploads\/2015\/10\/Okt.16-003.jpg\"><img loading=\"lazy\" decoding=\"async\" class=\"aligncenter size-medium wp-image-490\" src=\"http:\/\/wuchner-fasten.de\/wp-content\/uploads\/2015\/10\/Okt.16-003-300x170.jpg\" alt=\"\" width=\"300\" height=\"170\" srcset=\"https:\/\/wuchner-fasten.de\/wp-content\/uploads\/2015\/10\/Okt.16-003-300x170.jpg 300w, https:\/\/wuchner-fasten.de\/wp-content\/uploads\/2015\/10\/Okt.16-003-768x435.jpg 768w, https:\/\/wuchner-fasten.de\/wp-content\/uploads\/2015\/10\/Okt.16-003-1024x580.jpg 1024w, https:\/\/wuchner-fasten.de\/wp-content\/uploads\/2015\/10\/Okt.16-003.jpg 1920w\" sizes=\"auto, (max-width: 300px) 100vw, 300px\" \/><\/a><\/p>\r\n<p><strong>BadW\u00f6rishofen\u00a0\u00a0\u00a0\u00a0\u00a0\u00a0\u00a0\u00a0\u00a0\u00a0\u00a0\u00a0\u00a0\u00a0\u00a0\u00a0\u00a0\u00a0\u00a0\u00a0\u00a0\u00a0\u00a0\u00a0\u00a0\u00a0\u00a0\u00a0\u00a0\u00a0\u00a0\u00a0\u00a0\u00a0\u00a0\u00a0\u00a0\u00a0\u00a0\u00a0\u00a0\u00a0\u00a0\u00a0\u00a0\u00a0\u00a0\u00a0\u00a0\u00a0\u00a0\u00a0\u00a0\u00a0\u00a0\u00a0\u00a0\u00a0\u00a0\u00a0\u00a0\u00a0\u00a0\u00a0\u00a0\u00a0\u00a0\u00a0\u00a0\u00a0\u00a0\u00a0\u00a0\u00a0\u00a0\u00a0\u00a0\u00a0\u00a0\u00a0\u00a0\u00a0\u00a0\u00a0\u00a0\u00a0\u00a0\u00a0\u00a0\u00a0\u00a0\u00a0\u00a0\u00a0\u00a0\u00a0\u00a0\u00a0\u00a0\u00a0\u00a0\u00a0\u00a0\u00a0\u00a0\u00a0\u00a0\u00a0\u00a0\u00a0 <\/strong>Das Kneippkurhaus St. Josef liegt am Stadtrand und hat einen gro\u00dfen Park.\u00a0 \u00a0 \u00a0 \u00a0 \u00a0 \u00a0 \u00a0 \u00a0 \u00a0 \u00a0 \u00a0Gut ausgeschilderte Wege mit vielen B\u00e4nken machen leichte Wanderungen durch die W\u00e4lder und Wiesen der l\u00e4ndlichen Umgebung m\u00f6glich. <br \/>Sch\u00f6ne Seen, Aussichtspunkte, Burgen und Kirchen sind interessante Wanderziele.<\/p>\r\n<p><a href=\"http:\/\/wuchner-fasten.de\/wp-content\/uploads\/2015\/10\/Bad-W\u00f6rishofen-Juni-2016-005.jpg\"><img loading=\"lazy\" decoding=\"async\" class=\"aligncenter size-medium wp-image-493\" src=\"http:\/\/wuchner-fasten.de\/wp-content\/uploads\/2015\/10\/Bad-W\u00f6rishofen-Juni-2016-005-170x300.jpg\" alt=\"\" width=\"170\" height=\"300\" srcset=\"https:\/\/wuchner-fasten.de\/wp-content\/uploads\/2015\/10\/Bad-W\u00f6rishofen-Juni-2016-005-170x300.jpg 170w, https:\/\/wuchner-fasten.de\/wp-content\/uploads\/2015\/10\/Bad-W\u00f6rishofen-Juni-2016-005-768x1355.jpg 768w, https:\/\/wuchner-fasten.de\/wp-content\/uploads\/2015\/10\/Bad-W\u00f6rishofen-Juni-2016-005-580x1024.jpg 580w, https:\/\/wuchner-fasten.de\/wp-content\/uploads\/2015\/10\/Bad-W\u00f6rishofen-Juni-2016-005.jpg 1088w\" sizes=\"auto, (max-width: 170px) 100vw, 170px\" \/><\/a><\/p>\r\n<p><strong>Kloster Neustadt<\/strong><\/p>\r\n<p>Das Kloster liegt in ruhiger Atmosph\u00e4re\u00a0 am Rand der Stadt. Direkt hinter dem Kloster erstreckt sich der Pf\u00e4lzer Wald mit seinen vielf\u00e4ltigen, nat\u00fcrlichen Wanderwegen und wundersch\u00f6nen Ausblicken.<\/p>\r\n<p><a href=\"http:\/\/wuchner-fasten.de\/wp-content\/uploads\/2015\/10\/Neustadt.jpg\"><img loading=\"lazy\" decoding=\"async\" class=\"aligncenter size-medium wp-image-151\" src=\"http:\/\/wuchner-fasten.de\/wp-content\/uploads\/2015\/10\/Neustadt-300x199.jpg\" alt=\"\" width=\"300\" height=\"199\" srcset=\"https:\/\/wuchner-fasten.de\/wp-content\/uploads\/2015\/10\/Neustadt-300x199.jpg 300w, https:\/\/wuchner-fasten.de\/wp-content\/uploads\/2015\/10\/Neustadt-1024x680.jpg 1024w\" sizes=\"auto, (max-width: 300px) 100vw, 300px\" \/><\/a><\/p>\r\n<div class=\"wp-block-image\">\r\n<figure class=\"aligncenter is-resized\"><img decoding=\"async\" class=\"wp-image-544\" style=\"width: 269px; height: 359px;\" src=\"http:\/\/wuchner-fasten.de\/wp-content\/uploads\/2018\/12\/Neustadt-2018-2-768x1024.jpg\" alt=\"\" \/>\r\n<figcaption class=\"wp-element-caption\">Neustadt 2018<\/figcaption>\r\n<\/figure>\r\n<\/div>","protected":false},"excerpt":{"rendered":"<p>Liebe Wanderfreunde,f\u00fcr diejenigen unter Ihnen, die den Effekt der Basen-Heilkost durch besonders viel Bewegung unterst\u00fctzen m\u00f6chten, biete ich in den Basen-Heilkost-Wochen auch gef\u00fchrte Wanderungen an.\u00a0 \u00a0Es sind 2026 sechs Basen-Heilkost-Wanderwochen geplant.(siehe Basen-Heilkost Termine 2026).Die Bewegung in freier Natur regt den &hellip; <a href=\"https:\/\/wuchner-fasten.de\/?page_id=237\">Weiterlesen <span class=\"meta-nav\">&rarr;<\/span><\/a><\/p>\n","protected":false},"author":1,"featured_media":0,"parent":0,"menu_order":0,"comment_status":"closed","ping_status":"closed","template":"","meta":{"footnotes":""},"class_list":["post-237","page","type-page","status-publish","hentry"],"_links":{"self":[{"href":"https:\/\/wuchner-fasten.de\/index.php?rest_route=\/wp\/v2\/pages\/237","targetHints":{"allow":["GET"]}}],"collection":[{"href":"https:\/\/wuchner-fasten.de\/index.php?rest_route=\/wp\/v2\/pages"}],"about":[{"href":"https:\/\/wuchner-fasten.de\/index.php?rest_route=\/wp\/v2\/types\/page"}],"author":[{"embeddable":true,"href":"https:\/\/wuchner-fasten.de\/index.php?rest_route=\/wp\/v2\/users\/1"}],"replies":[{"embeddable":true,"href":"https:\/\/wuchner-fasten.de\/index.php?rest_route=%2Fwp%2Fv2%2Fcomments&post=237"}],"version-history":[{"count":42,"href":"https:\/\/wuchner-fasten.de\/index.php?rest_route=\/wp\/v2\/pages\/237\/revisions"}],"predecessor-version":[{"id":889,"href":"https:\/\/wuchner-fasten.de\/index.php?rest_route=\/wp\/v2\/pages\/237\/revisions\/889"}],"wp:attachment":[{"href":"https:\/\/wuchner-fasten.de\/index.php?rest_route=%2Fwp%2Fv2%2Fmedia&parent=237"}],"curies":[{"name":"wp","href":"https:\/\/api.w.org\/{rel}","templated":true}]}}