{"id":200,"date":"2015-10-18T16:00:02","date_gmt":"2015-10-18T14:00:02","guid":{"rendered":"https:\/\/ulewu.de\/wuchnerblog\/?page_id=200"},"modified":"2025-12-05T11:36:05","modified_gmt":"2025-12-05T10:36:05","slug":"bad-woerishofen","status":"publish","type":"page","link":"https:\/\/wuchner-fasten.de\/?page_id=200","title":{"rendered":"Bad W\u00f6rishofen \/ Kneippkurhaus St. Josef"},"content":{"rendered":"<p><a href=\"https:\/\/ulewu.de\/wuchnerblog\/wp-content\/uploads\/2015\/10\/StJosef_Gartenansicht.jpg\"><img loading=\"lazy\" decoding=\"async\" class=\"aligncenter size-medium wp-image-201\" src=\"https:\/\/ulewu.de\/wuchnerblog\/wp-content\/uploads\/2015\/10\/StJosef_Gartenansicht-300x169.jpg\" alt=\"StJosef_Gartenansicht\" width=\"300\" height=\"169\" srcset=\"https:\/\/wuchner-fasten.de\/wp-content\/uploads\/2015\/10\/StJosef_Gartenansicht-300x169.jpg 300w, https:\/\/wuchner-fasten.de\/wp-content\/uploads\/2015\/10\/StJosef_Gartenansicht-1024x577.jpg 1024w\" sizes=\"auto, (max-width: 300px) 100vw, 300px\" \/><\/a><\/p>\n<p>Das Kneippkurhaus St. Josef mit seiner wohltuenden Atmosph\u00e4re und Ruhe, mit einer herrlichen Umgebung und mit seinen vielf\u00e4ltigen M\u00f6glichkeiten wie Kneipp-Anwendungen, Massagen, Hallenbad und Sauna bietet ideale Voraussetzungen f\u00fcr ein ganzheitliches Fasten.<\/p>\n<p>Pensionskosten:\u00a0 Fasten \/ Basen-Heilkost<\/p>\n<p>incl. Kursgeb\u00fchr, 1 Teilmassage, 5 Kneippanwendungen,\u00a0\u00a0\u00a0\u00a0\u00a0\u00a0\u00a0\u00a0\u00a0\u00a0\u00a0\u00a0\u00a0 &#8211;\u00a0\u00a0\u00a0\u00a0\u00a0\u00a0\u00a0\u00a0\u00a0\u00a0\u00a0\u00a0\u00a0\u00a0\u00a0\u00a0\u00a0\u00a0\u00a0\u00a0\u00a0\u00a0\u00a0\u00a0\u00a0\u00a0\u00a0\u00a0 Nutzung von Hallenbad , Sauna und Dampfbad<\/p>\n<table>\n<tbody>\n<tr>\n<td><strong>Fasten<\/strong><\/td>\n<td>Termine<\/td>\n<td>12. &#8211; 19. Februar<\/td>\n<\/tr>\n<tr>\n<td><\/td>\n<td>Einzelzimmer<\/td>\n<td>1043,00 &#8211; 1197,00 Euro<\/td>\n<\/tr>\n<\/tbody>\n<\/table>\n<table>\n<tbody>\n<tr>\n<td><strong>Basen- Heilkost<\/strong><\/td>\n<td>Termin<\/td>\n<td>24. &#8211; 31. Mai<\/td>\n<\/tr>\n<tr>\n<td><\/td>\n<td>Einzelzimmer<\/td>\n<td>1088,00 &#8211; 1242,00 Euro<\/td>\n<\/tr>\n<\/tbody>\n<\/table>\n<table style=\"height: 67px;\" width=\"647\">\n<tbody>\n<tr>\n<td><strong>Fasten + Meditation\u00a0 \u00a0 \u00a0 \u00a0 \u00a0 \u00a0<\/strong>Termin\u00a0 \u00a0 \u00a0 \u00a0 \u00a0 \u00a0 \u00a0 \u00a0 \u00a0 \u00a0 \u00a0 \u00a0 \u00a0 \u00a0 15. &#8211; 22. Nov.<\/td>\n<td style=\"width: 1px;\"><\/td>\n<td><\/td>\n<\/tr>\n<tr>\n<td>\u00a0 \u00a0 \u00a0 \u00a0 \u00a0 \u00a0 \u00a0 \u00a0 \u00a0 \u00a0 \u00a0 \u00a0 \u00a0 \u00a0 \u00a0 \u00a0 \u00a0 \u00a0 \u00a0 \u00a0Einzelzimmer\u00a0 \u00a0 \u00a0 \u00a0 \u00a0 \u00a0 \u00a0 956,00 &#8211; 1110,00 Euro<\/td>\n<td><\/td>\n<td><\/td>\n<\/tr>\n<\/tbody>\n<\/table>\n<p><strong style=\"font-size: 16px;\">\u00a0 \u00a0 \u00a0Anmeldung<\/strong><\/p>\n<p style=\"text-align: center;\">Kneippkurhaus St. Josef<br \/>\nMallersdorfer Schwestern<br \/>\nAdolf-Scholz-Allee 3<br \/>\nD-86825 Bad W\u00f6rishofen<br \/>\nTel. 08247\/308-0<br \/>\ninfo@kneippkurhaus-st-josef.de<\/p>\n<p style=\"text-align: center;\"><a href=\"http:\/\/www.kneippkurhaus-st-josef.de\/\">www.kneippkurhaus-st-josef.de<\/a><\/p>\n","protected":false},"excerpt":{"rendered":"<p>Das Kneippkurhaus St. Josef mit seiner wohltuenden Atmosph\u00e4re und Ruhe, mit einer herrlichen Umgebung und mit seinen vielf\u00e4ltigen M\u00f6glichkeiten wie Kneipp-Anwendungen, Massagen, Hallenbad und Sauna bietet ideale Voraussetzungen f\u00fcr ein ganzheitliches Fasten. Pensionskosten:\u00a0 Fasten \/ Basen-Heilkost incl. Kursgeb\u00fchr, 1 Teilmassage, &hellip; <a href=\"https:\/\/wuchner-fasten.de\/?page_id=200\">Weiterlesen <span class=\"meta-nav\">&rarr;<\/span><\/a><\/p>\n","protected":false},"author":1,"featured_media":0,"parent":0,"menu_order":0,"comment_status":"closed","ping_status":"closed","template":"","meta":{"footnotes":""},"class_list":["post-200","page","type-page","status-publish","hentry"],"_links":{"self":[{"href":"https:\/\/wuchner-fasten.de\/index.php?rest_route=\/wp\/v2\/pages\/200","targetHints":{"allow":["GET"]}}],"collection":[{"href":"https:\/\/wuchner-fasten.de\/index.php?rest_route=\/wp\/v2\/pages"}],"about":[{"href":"https:\/\/wuchner-fasten.de\/index.php?rest_route=\/wp\/v2\/types\/page"}],"author":[{"embeddable":true,"href":"https:\/\/wuchner-fasten.de\/index.php?rest_route=\/wp\/v2\/users\/1"}],"replies":[{"embeddable":true,"href":"https:\/\/wuchner-fasten.de\/index.php?rest_route=%2Fwp%2Fv2%2Fcomments&post=200"}],"version-history":[{"count":23,"href":"https:\/\/wuchner-fasten.de\/index.php?rest_route=\/wp\/v2\/pages\/200\/revisions"}],"predecessor-version":[{"id":839,"href":"https:\/\/wuchner-fasten.de\/index.php?rest_route=\/wp\/v2\/pages\/200\/revisions\/839"}],"wp:attachment":[{"href":"https:\/\/wuchner-fasten.de\/index.php?rest_route=%2Fwp%2Fv2%2Fmedia&parent=200"}],"curies":[{"name":"wp","href":"https:\/\/api.w.org\/{rel}","templated":true}]}}