{"id":742,"date":"2023-12-02T17:18:18","date_gmt":"2023-12-02T16:18:18","guid":{"rendered":"http:\/\/wuchner-fasten.de\/?page_id=742"},"modified":"2026-03-23T19:30:06","modified_gmt":"2026-03-23T18:30:06","slug":"fasten-meditation","status":"publish","type":"page","link":"http:\/\/wuchner-fasten.de\/?page_id=742","title":{"rendered":"Meditation"},"content":{"rendered":"\r\n<p>Die Meditationskurse sind f\u00fcr Anf\u00e4nger und Fortgeschrittene geeignet. <br \/>Die Ern\u00e4hrung soll dabei die Zielsetzung des Kurses unterst\u00fctzen <br \/>und ist bei mir das Fasten oder die Basen-Heilkost.<\/p>\r\n\r\n\r\n\r\n<p>Auf der Suche nach unserem wahren Selbst entdecken wir den Augenblick, <br \/>in dem wir alles finden k\u00f6nnen, was wir suchen.<\/p>\r\n\r\n\r\n\r\n<p><strong><em>&#8222;Es ist eine heilige Handlung,<\/em><\/strong> <strong><em>sein Leben hier und jetzt zu leben.<\/em><\/strong> <br \/><strong><em>Letztlich ist das Sakrament des Augenblickes<\/em><\/strong> <strong><em>nichts anderes <br \/>als im<\/em><\/strong> <strong><em>Willen Gottes zu leben.&#8220;<\/em><\/strong> <br \/>\u00a0 \u00a0 \u00a0 \u00a0 \u00a0 \u00a0 \u00a0 \u00a0 \u00a0 \u00a0 \u00a0 \u00a0 \u00a0 \u00a0 \u00a0 \u00a0 \u00a0 \u00a0 \u00a0 \u00a0 \u00a0 \u00a0 \u00a0 \u00a0 \u00a0 \u00a0 \u00a0 \u00a0 \u00a0 \u00a0 \u00a0 \u00a0 <strong><em>Pater Willigis J\u00e4ger<\/em><\/strong><\/p>\r\n\r\n\r\n\r\n<p>Wir sp\u00fcren unseren K\u00f6rper, sammeln unseren Geist <br \/>und \u00f6ffnen unsere Seele f\u00fcr das Dasein im Hier und Jetzt. <br \/>In Stille und achtsamen Gewahrsein machen wir uns auf den Weg <br \/>zu den Fr\u00fcchten der Meditation: Frieden, Freiheit und Freude.<\/p>\r\n\r\n\r\n\r\n<p><strong>Elemente des Kurses:<\/strong><\/p>\r\n\r\n\r\n\r\n<p>Sitzen in Stille, med. Gehen, Qi-Gong, Eutonie, med. Singen und Tanzen, <br \/>Gymnastik, Impulse, Vortr\u00e4ge, Schweigen<br \/>M\u00f6glichkeit zum pers\u00f6nlichen Gespr\u00e4ch<\/p>\r\n\r\n\r\n\r\n<p>&nbsp;<\/p>\r\n\r\n\r\n\r\n<p>&nbsp;<\/p>\r\n\r\n\r\n\r\n<p class=\"has-text-align-center\">\u00a0<\/p>\r\n\r\n\r\n\r\n<p>&nbsp;<\/p>\r\n\r\n\r\n\r\n<p>&nbsp;<\/p>\r\n\r\n\r\n\r\n<p>&nbsp;<\/p>\r\n","protected":false},"excerpt":{"rendered":"<p>Die Meditationskurse sind f\u00fcr Anf\u00e4nger und Fortgeschrittene geeignet. Die Ern\u00e4hrung soll dabei die Zielsetzung des Kurses unterst\u00fctzen und ist bei mir das Fasten oder die Basen-Heilkost. Auf der Suche nach unserem wahren Selbst entdecken wir den Augenblick, in dem wir &hellip; <a href=\"http:\/\/wuchner-fasten.de\/?page_id=742\">Weiterlesen <span class=\"meta-nav\">&rarr;<\/span><\/a><\/p>\n","protected":false},"author":1,"featured_media":0,"parent":0,"menu_order":0,"comment_status":"closed","ping_status":"closed","template":"","meta":{"footnotes":""},"class_list":["post-742","page","type-page","status-publish","hentry"],"_links":{"self":[{"href":"http:\/\/wuchner-fasten.de\/index.php?rest_route=\/wp\/v2\/pages\/742","targetHints":{"allow":["GET"]}}],"collection":[{"href":"http:\/\/wuchner-fasten.de\/index.php?rest_route=\/wp\/v2\/pages"}],"about":[{"href":"http:\/\/wuchner-fasten.de\/index.php?rest_route=\/wp\/v2\/types\/page"}],"author":[{"embeddable":true,"href":"http:\/\/wuchner-fasten.de\/index.php?rest_route=\/wp\/v2\/users\/1"}],"replies":[{"embeddable":true,"href":"http:\/\/wuchner-fasten.de\/index.php?rest_route=%2Fwp%2Fv2%2Fcomments&post=742"}],"version-history":[{"count":15,"href":"http:\/\/wuchner-fasten.de\/index.php?rest_route=\/wp\/v2\/pages\/742\/revisions"}],"predecessor-version":[{"id":881,"href":"http:\/\/wuchner-fasten.de\/index.php?rest_route=\/wp\/v2\/pages\/742\/revisions\/881"}],"wp:attachment":[{"href":"http:\/\/wuchner-fasten.de\/index.php?rest_route=%2Fwp%2Fv2%2Fmedia&parent=742"}],"curies":[{"name":"wp","href":"https:\/\/api.w.org\/{rel}","templated":true}]}}