{"id":287,"date":"2015-11-23T09:56:29","date_gmt":"2015-11-23T08:56:29","guid":{"rendered":"https:\/\/ulewu.de\/wuchnerblog\/?page_id=287"},"modified":"2025-12-05T10:55:35","modified_gmt":"2025-12-05T09:55:35","slug":"home","status":"publish","type":"page","link":"http:\/\/wuchner-fasten.de\/","title":{"rendered":"Home"},"content":{"rendered":"<h3>Liebe Fastenfreundinnen und -freunde,<\/h3>\n<p>das Heilfasten ist eine der \u00e4ltesten ganzheitlichen Heilmethoden der Menschheit mit dem Ziel einer Reinigung von K\u00f6rper, Seele und Geist.\u00a0 \u00a0 \u00a0 \u00a0 \u00a0 \u00a0 \u00a0 \u00a0 \u00a0 \u00a0 \u00a0 \u00a0 \u00a0 \u00a0 \u00a0 \u00a0 \u00a0 \u00a0 \u00a0 \u00a0 \u00a0 \u00a0 \u00a0 \u00a0 \u00a0 \u00a0 \u00a0 \u00a0 \u00a0 \u00a0 \u00a0 \u00a0 \u00a0 Eine Heilfastenkur verhilft zu neuen Lebenskr\u00e4ften, gr\u00f6\u00dferer Ausgeglichenheit\u00a0\u00a0\u00a0\u00a0\u00a0\u00a0\u00a0\u00a0\u00a0\u00a0\u00a0\u00a0\u00a0\u00a0\u00a0 und Harmonie.<\/p>\n<p>Seit vielen Jahren f\u00fchre ich als Fasten- und Meditationskursleiter Kurse an verschiedenen Bildungsh\u00e4usern, Hotels und Kurh\u00e4usern in Deutschland, \u00d6sterreich und Italien durch.\u00a0 Auf diesen Internetseiten m\u00f6chte ich Ihnen einen Einblick in die Welt des Heilfastens geben und mich und meine Kurse vorstellen.<\/p>\n<p><a href=\"http:\/\/wuchner-fasten.de\/wp-content\/uploads\/2015\/07\/a_VogelZweig_klein.gif\" rel=\"attachment wp-att-35\"><img loading=\"lazy\" decoding=\"async\" class=\"aligncenter size-full wp-image-35\" src=\"http:\/\/wuchner-fasten.de\/wp-content\/uploads\/2015\/07\/a_VogelZweig_klein.gif\" alt=\"a_VogelZweig_klein\" width=\"182\" height=\"173\" \/><\/a><\/p>\n<h3 style=\"text-align: center;\"><strong><em> Brich mit mir <\/em><\/strong><br \/>\n<strong> <em>Dein Brot,<\/em><\/strong><br \/>\n<strong> <em>teile mit mir <\/em><\/strong><br \/>\n<strong> <em>Deine Zeit.<\/em><\/strong><\/h3>\n<p>Herzlichst,<br \/>\nIhr Andreas Wuchner<\/p>\n","protected":false},"excerpt":{"rendered":"<p>Liebe Fastenfreundinnen und -freunde, das Heilfasten ist eine der \u00e4ltesten ganzheitlichen Heilmethoden der Menschheit mit dem Ziel einer Reinigung von K\u00f6rper, Seele und Geist.\u00a0 \u00a0 \u00a0 \u00a0 \u00a0 \u00a0 \u00a0 \u00a0 \u00a0 \u00a0 \u00a0 \u00a0 \u00a0 \u00a0 \u00a0 \u00a0 \u00a0 &hellip; <a href=\"http:\/\/wuchner-fasten.de\/\">Weiterlesen <span class=\"meta-nav\">&rarr;<\/span><\/a><\/p>\n","protected":false},"author":1,"featured_media":0,"parent":0,"menu_order":0,"comment_status":"closed","ping_status":"closed","template":"","meta":{"footnotes":""},"class_list":["post-287","page","type-page","status-publish","hentry"],"_links":{"self":[{"href":"http:\/\/wuchner-fasten.de\/index.php?rest_route=\/wp\/v2\/pages\/287","targetHints":{"allow":["GET"]}}],"collection":[{"href":"http:\/\/wuchner-fasten.de\/index.php?rest_route=\/wp\/v2\/pages"}],"about":[{"href":"http:\/\/wuchner-fasten.de\/index.php?rest_route=\/wp\/v2\/types\/page"}],"author":[{"embeddable":true,"href":"http:\/\/wuchner-fasten.de\/index.php?rest_route=\/wp\/v2\/users\/1"}],"replies":[{"embeddable":true,"href":"http:\/\/wuchner-fasten.de\/index.php?rest_route=%2Fwp%2Fv2%2Fcomments&post=287"}],"version-history":[{"count":9,"href":"http:\/\/wuchner-fasten.de\/index.php?rest_route=\/wp\/v2\/pages\/287\/revisions"}],"predecessor-version":[{"id":825,"href":"http:\/\/wuchner-fasten.de\/index.php?rest_route=\/wp\/v2\/pages\/287\/revisions\/825"}],"wp:attachment":[{"href":"http:\/\/wuchner-fasten.de\/index.php?rest_route=%2Fwp%2Fv2%2Fmedia&parent=287"}],"curies":[{"name":"wp","href":"https:\/\/api.w.org\/{rel}","templated":true}]}}